{"id":197,"date":"2017-07-04T10:24:54","date_gmt":"2017-07-04T08:24:54","guid":{"rendered":"http:\/\/asquad.ch\/tipps\/tournament\/"},"modified":"2018-04-17T08:16:40","modified_gmt":"2018-04-17T06:16:40","slug":"tournament","status":"publish","type":"page","link":"https:\/\/asquad.ch\/tipps\/tournament\/","title":{"rendered":"WM \u00dcbersicht"},"content":{"rendered":"Du musst angemeldet sein, um diesen Inhalt sehen zu k\u00f6nnen.","protected":false},"excerpt":{"rendered":"Du musst angemeldet sein, um diesen Inhalt sehen zu k\u00f6nnen.","protected":false},"author":1,"featured_media":0,"parent":0,"menu_order":0,"comment_status":"closed","ping_status":"closed","template":"","meta":{"footnotes":""},"class_list":["post-197","page","type-page","status-publish","hentry"],"_links":{"self":[{"href":"https:\/\/asquad.ch\/tipps\/wp-json\/wp\/v2\/pages\/197"}],"collection":[{"href":"https:\/\/asquad.ch\/tipps\/wp-json\/wp\/v2\/pages"}],"about":[{"href":"https:\/\/asquad.ch\/tipps\/wp-json\/wp\/v2\/types\/page"}],"author":[{"embeddable":true,"href":"https:\/\/asquad.ch\/tipps\/wp-json\/wp\/v2\/users\/1"}],"replies":[{"embeddable":true,"href":"https:\/\/asquad.ch\/tipps\/wp-json\/wp\/v2\/comments?post=197"}],"version-history":[{"count":3,"href":"https:\/\/asquad.ch\/tipps\/wp-json\/wp\/v2\/pages\/197\/revisions"}],"predecessor-version":[{"id":294,"href":"https:\/\/asquad.ch\/tipps\/wp-json\/wp\/v2\/pages\/197\/revisions\/294"}],"wp:attachment":[{"href":"https:\/\/asquad.ch\/tipps\/wp-json\/wp\/v2\/media?parent=197"}],"curies":[{"name":"wp","href":"https:\/\/api.w.org\/{rel}","templated":true}]}}